{"id":8109,"date":"2026-02-25T09:09:09","date_gmt":"2026-02-25T09:09:09","guid":{"rendered":"https:\/\/neodalv2.multimarketing.dev\/?post_type=product&#038;p=8109"},"modified":"2026-02-25T09:12:54","modified_gmt":"2026-02-25T09:12:54","slug":"g07-rfid-lector-de-acceso-a-puertas","status":"publish","type":"product","link":"https:\/\/neodalv2.multimarketing.dev\/ca\/producte\/g07-rfid-lector-de-acceso-a-puertas\/","title":{"rendered":"G07 RFID LECTOR DE ACCESO A PUERTAS"},"content":{"rendered":"<p>La Open Gate G07 est\u00e1 disponible en tres versiones: lectura a\u00e9rea (Spyder), columna de lectura a tierra y aplicaciones exteriores.<\/p>\n<p>Las columnas son adaptables a cualquier necesidad y a cualquier tipo de paso o puerta a controlar.<\/p>\n<p><strong>DATOS T\u00c9CNICOS<\/strong><\/p>\n<p>Middleware Software<span style=\"white-space: pre;\">: <\/span>Puerta estelar de ZCS<\/p>\n<p>Opciones de tecnolog\u00eda RFID UHF:<\/p>\n<p style=\"text-align: left;\">\u00a0&#8211; ISO 18000 6c Clase 1 Generaci\u00f3n 2<\/p>\n<p>\u00a0&#8211; Ara\u00f1a G07: 4 antenas internas<\/p>\n<p>&#8211; G07: 4 antenas internas<\/p>\n<p>&#8211; G07 Slim: 2 antenas internas<\/p>\n<p>Caracter\u00edsticas de la m\u00e1quina<span style=\"white-space: pre;\">: <\/span>Cuadro el\u00e9ctrico interior con sem\u00e1foro y sirena de alarma programada<\/p>\n<p>Material de estructura externa: Acero inoxidable \/ chapa met\u00e1lica recubierta en polvo &#8211; Horneada \/ Chapa met\u00e1lica galvanizada<\/p>\n<p>Color de la estructura externa: Acero inoxidable natural \/ RAL 9003 blanco \/ zinc natural<\/p>\n<p>Conexiones del sistema:<\/p>\n<p><span style=\"white-space: pre;\"> &#8211; <\/span>N\u00ba 1 toma 220V 0,5 KW<\/p>\n<p>&#8211; N\u00b0 1 Toma Ethernet 10\/100\/1000<\/p>\n","protected":false},"excerpt":{"rendered":"<p>El\u00a0lector de acceso a puertas industrial RFID-UHF Open Gate G07 garantiza el seguimiento de la ropa limpia y sucia que entra y sale de las instalaciones. Optimiza la gesti\u00f3n de la ropa, controla el movimiento de los art\u00edculos y asegura los puntos de acceso clave para reducir las p\u00e9rdidas y los robos. Su dise\u00f1o adaptable se integra en todos los pasajes y portales, facilitando su instalaci\u00f3n en hospitales, industrias, hoteles y almacenes.<\/p>\n","protected":false},"featured_media":8117,"comment_status":"open","ping_status":"closed","template":"","meta":{"_acf_changed":false},"product_brand":[],"product_cat":[1983],"product_tag":[],"class_list":{"0":"post-8109","1":"product","2":"type-product","3":"status-publish","4":"has-post-thumbnail","6":"product_cat-soluciones-rfid-gestion-trazabilidad","8":"first","9":"instock","10":"shipping-taxable","11":"product-type-simple"},"acf":[],"yoast_head":"<!-- This site is optimized with the Yoast SEO plugin v26.9 - https:\/\/yoast.com\/product\/yoast-seo-wordpress\/ -->\n<title>Open Gate G07 para el control de lavander\u00eda industrial<\/title>\n<meta name=\"description\" content=\"Open Gate G07 es un RFID Gate UHF para el seguimiento de art\u00edculos en lavander\u00edas industriales, hospitales, hoteles y almacenes. optimiza la gesti\u00f3n, controla accesos y reduce perdidas y robos.\" \/>\n<meta name=\"robots\" content=\"noindex, follow, max-snippet:-1, max-image-preview:large, max-video-preview:-1\" \/>\n<meta property=\"og:locale\" content=\"ca_ES\" \/>\n<meta property=\"og:type\" content=\"article\" \/>\n<meta property=\"og:title\" content=\"Open Gate G07 para el control de lavander\u00eda industrial\" \/>\n<meta property=\"og:description\" content=\"Open Gate G07 es un RFID Gate UHF para el seguimiento de art\u00edculos en lavander\u00edas industriales, hospitales, hoteles y almacenes. optimiza la gesti\u00f3n, controla accesos y reduce perdidas y robos.\" \/>\n<meta property=\"og:url\" content=\"https:\/\/neodalv2.multimarketing.dev\/ca\/producte\/g07-rfid-lector-de-acceso-a-puertas\/\" \/>\n<meta property=\"og:site_name\" content=\"neodal\" \/>\n<meta property=\"article:modified_time\" content=\"2026-02-25T09:12:54+00:00\" \/>\n<meta property=\"og:image\" content=\"https:\/\/neodalv2.multimarketing.dev\/wp-content\/uploads\/2026\/02\/G07-STANDARD-WHITE-C000-scaled.jpg\" \/>\n\t<meta property=\"og:image:width\" content=\"2096\" \/>\n\t<meta property=\"og:image:height\" content=\"2560\" \/>\n\t<meta property=\"og:image:type\" content=\"image\/jpeg\" \/>\n<meta name=\"twitter:card\" content=\"summary_large_image\" \/>\n<meta name=\"twitter:label1\" content=\"Temps estimat de lectura\" \/>\n\t<meta name=\"twitter:data1\" content=\"1 minut\" \/>\n<script type=\"application\/ld+json\" class=\"yoast-schema-graph\">{\"@context\":\"https:\/\/schema.org\",\"@graph\":[{\"@type\":\"WebPage\",\"@id\":\"https:\/\/neodalv2.multimarketing.dev\/ca\/producte\/g07-rfid-lector-de-acceso-a-puertas\/\",\"url\":\"https:\/\/neodalv2.multimarketing.dev\/ca\/producte\/g07-rfid-lector-de-acceso-a-puertas\/\",\"name\":\"Open Gate G07 para el control de lavander\u00eda industrial\",\"isPartOf\":{\"@id\":\"https:\/\/neodalv2.multimarketing.dev\/ca\/#website\"},\"primaryImageOfPage\":{\"@id\":\"https:\/\/neodalv2.multimarketing.dev\/ca\/producte\/g07-rfid-lector-de-acceso-a-puertas\/#primaryimage\"},\"image\":{\"@id\":\"https:\/\/neodalv2.multimarketing.dev\/ca\/producte\/g07-rfid-lector-de-acceso-a-puertas\/#primaryimage\"},\"thumbnailUrl\":\"https:\/\/neodalv2.multimarketing.dev\/wp-content\/uploads\/2026\/02\/G07-STANDARD-WHITE-C000-scaled.jpg\",\"datePublished\":\"2026-02-25T09:09:09+00:00\",\"dateModified\":\"2026-02-25T09:12:54+00:00\",\"description\":\"Open Gate G07 es un RFID Gate UHF para el seguimiento de art\u00edculos en lavander\u00edas industriales, hospitales, hoteles y almacenes. optimiza la gesti\u00f3n, controla accesos y reduce perdidas y robos.\",\"breadcrumb\":{\"@id\":\"https:\/\/neodalv2.multimarketing.dev\/ca\/producte\/g07-rfid-lector-de-acceso-a-puertas\/#breadcrumb\"},\"inLanguage\":\"ca\",\"potentialAction\":[{\"@type\":\"ReadAction\",\"target\":[\"https:\/\/neodalv2.multimarketing.dev\/ca\/producte\/g07-rfid-lector-de-acceso-a-puertas\/\"]}]},{\"@type\":\"ImageObject\",\"inLanguage\":\"ca\",\"@id\":\"https:\/\/neodalv2.multimarketing.dev\/ca\/producte\/g07-rfid-lector-de-acceso-a-puertas\/#primaryimage\",\"url\":\"https:\/\/neodalv2.multimarketing.dev\/wp-content\/uploads\/2026\/02\/G07-STANDARD-WHITE-C000-scaled.jpg\",\"contentUrl\":\"https:\/\/neodalv2.multimarketing.dev\/wp-content\/uploads\/2026\/02\/G07-STANDARD-WHITE-C000-scaled.jpg\",\"width\":2096,\"height\":2560},{\"@type\":\"BreadcrumbList\",\"@id\":\"https:\/\/neodalv2.multimarketing.dev\/ca\/producte\/g07-rfid-lector-de-acceso-a-puertas\/#breadcrumb\",\"itemListElement\":[{\"@type\":\"ListItem\",\"position\":1,\"name\":\"Portada\",\"item\":\"https:\/\/neodalv2.multimarketing.dev\/ca\/home\/\"},{\"@type\":\"ListItem\",\"position\":2,\"name\":\"Productes\",\"item\":\"https:\/\/neodalv2.multimarketing.dev\/ca\/productes\/\"},{\"@type\":\"ListItem\",\"position\":3,\"name\":\"G07 RFID LECTOR DE ACCESO A PUERTAS\"}]},{\"@type\":\"WebSite\",\"@id\":\"https:\/\/neodalv2.multimarketing.dev\/ca\/#website\",\"url\":\"https:\/\/neodalv2.multimarketing.dev\/ca\/\",\"name\":\"neodal\",\"description\":\"\",\"publisher\":{\"@id\":\"https:\/\/neodalv2.multimarketing.dev\/ca\/#organization\"},\"potentialAction\":[{\"@type\":\"SearchAction\",\"target\":{\"@type\":\"EntryPoint\",\"urlTemplate\":\"https:\/\/neodalv2.multimarketing.dev\/ca\/?s={search_term_string}\"},\"query-input\":{\"@type\":\"PropertyValueSpecification\",\"valueRequired\":true,\"valueName\":\"search_term_string\"}}],\"inLanguage\":\"ca\"},{\"@type\":\"Organization\",\"@id\":\"https:\/\/neodalv2.multimarketing.dev\/ca\/#organization\",\"name\":\"neodal\",\"url\":\"https:\/\/neodalv2.multimarketing.dev\/ca\/\",\"logo\":{\"@type\":\"ImageObject\",\"inLanguage\":\"ca\",\"@id\":\"https:\/\/neodalv2.multimarketing.dev\/ca\/#\/schema\/logo\/image\/\",\"url\":\"https:\/\/neodalv2.multimarketing.dev\/wp-content\/uploads\/2025\/12\/neodal-logo.jpeg\",\"contentUrl\":\"https:\/\/neodalv2.multimarketing.dev\/wp-content\/uploads\/2025\/12\/neodal-logo.jpeg\",\"width\":359,\"height\":87,\"caption\":\"neodal\"},\"image\":{\"@id\":\"https:\/\/neodalv2.multimarketing.dev\/ca\/#\/schema\/logo\/image\/\"}}]}<\/script>\n<!-- \/ Yoast SEO plugin. -->","yoast_head_json":{"title":"Open Gate G07 para el control de lavander\u00eda industrial","description":"Open Gate G07 es un RFID Gate UHF para el seguimiento de art\u00edculos en lavander\u00edas industriales, hospitales, hoteles y almacenes. optimiza la gesti\u00f3n, controla accesos y reduce perdidas y robos.","robots":{"index":"noindex","follow":"follow","max-snippet":"max-snippet:-1","max-image-preview":"max-image-preview:large","max-video-preview":"max-video-preview:-1"},"og_locale":"ca_ES","og_type":"article","og_title":"Open Gate G07 para el control de lavander\u00eda industrial","og_description":"Open Gate G07 es un RFID Gate UHF para el seguimiento de art\u00edculos en lavander\u00edas industriales, hospitales, hoteles y almacenes. optimiza la gesti\u00f3n, controla accesos y reduce perdidas y robos.","og_url":"https:\/\/neodalv2.multimarketing.dev\/ca\/producte\/g07-rfid-lector-de-acceso-a-puertas\/","og_site_name":"neodal","article_modified_time":"2026-02-25T09:12:54+00:00","og_image":[{"width":2096,"height":2560,"url":"https:\/\/neodalv2.multimarketing.dev\/wp-content\/uploads\/2026\/02\/G07-STANDARD-WHITE-C000-scaled.jpg","type":"image\/jpeg"}],"twitter_card":"summary_large_image","twitter_misc":{"Temps estimat de lectura":"1 minut"},"schema":{"@context":"https:\/\/schema.org","@graph":[{"@type":"WebPage","@id":"https:\/\/neodalv2.multimarketing.dev\/ca\/producte\/g07-rfid-lector-de-acceso-a-puertas\/","url":"https:\/\/neodalv2.multimarketing.dev\/ca\/producte\/g07-rfid-lector-de-acceso-a-puertas\/","name":"Open Gate G07 para el control de lavander\u00eda industrial","isPartOf":{"@id":"https:\/\/neodalv2.multimarketing.dev\/ca\/#website"},"primaryImageOfPage":{"@id":"https:\/\/neodalv2.multimarketing.dev\/ca\/producte\/g07-rfid-lector-de-acceso-a-puertas\/#primaryimage"},"image":{"@id":"https:\/\/neodalv2.multimarketing.dev\/ca\/producte\/g07-rfid-lector-de-acceso-a-puertas\/#primaryimage"},"thumbnailUrl":"https:\/\/neodalv2.multimarketing.dev\/wp-content\/uploads\/2026\/02\/G07-STANDARD-WHITE-C000-scaled.jpg","datePublished":"2026-02-25T09:09:09+00:00","dateModified":"2026-02-25T09:12:54+00:00","description":"Open Gate G07 es un RFID Gate UHF para el seguimiento de art\u00edculos en lavander\u00edas industriales, hospitales, hoteles y almacenes. optimiza la gesti\u00f3n, controla accesos y reduce perdidas y robos.","breadcrumb":{"@id":"https:\/\/neodalv2.multimarketing.dev\/ca\/producte\/g07-rfid-lector-de-acceso-a-puertas\/#breadcrumb"},"inLanguage":"ca","potentialAction":[{"@type":"ReadAction","target":["https:\/\/neodalv2.multimarketing.dev\/ca\/producte\/g07-rfid-lector-de-acceso-a-puertas\/"]}]},{"@type":"ImageObject","inLanguage":"ca","@id":"https:\/\/neodalv2.multimarketing.dev\/ca\/producte\/g07-rfid-lector-de-acceso-a-puertas\/#primaryimage","url":"https:\/\/neodalv2.multimarketing.dev\/wp-content\/uploads\/2026\/02\/G07-STANDARD-WHITE-C000-scaled.jpg","contentUrl":"https:\/\/neodalv2.multimarketing.dev\/wp-content\/uploads\/2026\/02\/G07-STANDARD-WHITE-C000-scaled.jpg","width":2096,"height":2560},{"@type":"BreadcrumbList","@id":"https:\/\/neodalv2.multimarketing.dev\/ca\/producte\/g07-rfid-lector-de-acceso-a-puertas\/#breadcrumb","itemListElement":[{"@type":"ListItem","position":1,"name":"Portada","item":"https:\/\/neodalv2.multimarketing.dev\/ca\/home\/"},{"@type":"ListItem","position":2,"name":"Productes","item":"https:\/\/neodalv2.multimarketing.dev\/ca\/productes\/"},{"@type":"ListItem","position":3,"name":"G07 RFID LECTOR DE ACCESO A PUERTAS"}]},{"@type":"WebSite","@id":"https:\/\/neodalv2.multimarketing.dev\/ca\/#website","url":"https:\/\/neodalv2.multimarketing.dev\/ca\/","name":"neodal","description":"","publisher":{"@id":"https:\/\/neodalv2.multimarketing.dev\/ca\/#organization"},"potentialAction":[{"@type":"SearchAction","target":{"@type":"EntryPoint","urlTemplate":"https:\/\/neodalv2.multimarketing.dev\/ca\/?s={search_term_string}"},"query-input":{"@type":"PropertyValueSpecification","valueRequired":true,"valueName":"search_term_string"}}],"inLanguage":"ca"},{"@type":"Organization","@id":"https:\/\/neodalv2.multimarketing.dev\/ca\/#organization","name":"neodal","url":"https:\/\/neodalv2.multimarketing.dev\/ca\/","logo":{"@type":"ImageObject","inLanguage":"ca","@id":"https:\/\/neodalv2.multimarketing.dev\/ca\/#\/schema\/logo\/image\/","url":"https:\/\/neodalv2.multimarketing.dev\/wp-content\/uploads\/2025\/12\/neodal-logo.jpeg","contentUrl":"https:\/\/neodalv2.multimarketing.dev\/wp-content\/uploads\/2025\/12\/neodal-logo.jpeg","width":359,"height":87,"caption":"neodal"},"image":{"@id":"https:\/\/neodalv2.multimarketing.dev\/ca\/#\/schema\/logo\/image\/"}}]}},"_links":{"self":[{"href":"https:\/\/neodalv2.multimarketing.dev\/ca\/wp-json\/wp\/v2\/product\/8109","targetHints":{"allow":["GET"]}}],"collection":[{"href":"https:\/\/neodalv2.multimarketing.dev\/ca\/wp-json\/wp\/v2\/product"}],"about":[{"href":"https:\/\/neodalv2.multimarketing.dev\/ca\/wp-json\/wp\/v2\/types\/product"}],"replies":[{"embeddable":true,"href":"https:\/\/neodalv2.multimarketing.dev\/ca\/wp-json\/wp\/v2\/comments?post=8109"}],"wp:featuredmedia":[{"embeddable":true,"href":"https:\/\/neodalv2.multimarketing.dev\/ca\/wp-json\/wp\/v2\/media\/8117"}],"wp:attachment":[{"href":"https:\/\/neodalv2.multimarketing.dev\/ca\/wp-json\/wp\/v2\/media?parent=8109"}],"wp:term":[{"taxonomy":"product_brand","embeddable":true,"href":"https:\/\/neodalv2.multimarketing.dev\/ca\/wp-json\/wp\/v2\/product_brand?post=8109"},{"taxonomy":"product_cat","embeddable":true,"href":"https:\/\/neodalv2.multimarketing.dev\/ca\/wp-json\/wp\/v2\/product_cat?post=8109"},{"taxonomy":"product_tag","embeddable":true,"href":"https:\/\/neodalv2.multimarketing.dev\/ca\/wp-json\/wp\/v2\/product_tag?post=8109"}],"curies":[{"name":"wp","href":"https:\/\/api.w.org\/{rel}","templated":true}]}}